{"id":155,"date":"2024-09-22T16:44:42","date_gmt":"2024-09-22T14:44:42","guid":{"rendered":"http:\/\/www.internist-pinneberg.de\/?page_id=155"},"modified":"2024-10-09T11:09:13","modified_gmt":"2024-10-09T09:09:13","slug":"leistungen","status":"publish","type":"page","link":"http:\/\/www.internist-pinneberg.de\/index.php\/leistungen\/","title":{"rendered":"Leistungen"},"content":{"rendered":"<h1>Leistungen<\/h1>\n<div>\n<h2>Spektrum<\/h2>\n<p>Unser Leistungsspektrum umfasst u.a.:<br \/>&#8211; S\u00e4mtliche Laboruntersuchungen<br \/>&#8211; Farbultraschall-Untersuchung der Bauchorgane, Farbduplex Echokardiographie, Farbduplexsonographie der Arterien<br \/>&#8211; Ultraschalluntersuchung der Venen<br \/>&#8211; Haus\u00e4rztliche Versorgung<br \/>&#8211; EKG<br \/>&#8211; kleine Chirurgie<br \/>&#8211; Hypertonieschulungen<br \/>&#8211; Ern\u00e4hrungsberatung<br \/>&#8211; DMP Asthma, KHK, Diabetes, COPD<br \/>&#8211; Gesundheitsuntersuchungen<br \/>&#8211; Krebsvorsorgeuntersuchungen-Hautkrebsscreening<br \/>&#8211; Tauglichkeitsuntersuchungen-F\u00fchrerschein<br \/>&#8211; Sportmedizin<br \/>&#8211; Reiseberatung-Impfungen<br \/>&#8211; Psychosomatische Grundversorgung<br \/>&#8211; Checkup einmalig zwischen 18-34 Jahren,<br \/>\u00a0\u00a0 ab 35 Jahren danach alle 3 Jahre<\/p>\n<\/div>\n<div>\n<h2>Schwerpunkte<\/h2>\n<p>Unsere Praxisschwerpunkte sind u.a.:<br \/>&#8211; Diabetologie: Pr\u00e4vention \u2013 Diagnostik und Therapie des Diabetes Mellitus einschlie\u00dflich Diabetes-Schulung<br \/>&#8211; Infektiologie: Gezielte Diagnostik und Therapie der Infektionskrankheiten<br \/>&#8211; Bluthochdruckbehandlung: Abkl\u00e4rung der Ursache und des Schweregrades der Hypertonie und gezielte Pharmakotherapie<br \/>&#8211; Gesundheitsvorsorge \/ Krebsvorsorge: Bei gezielter Fr\u00fcherkennung durch einen gro\u00dfen Check-Up kann man Krankheiten schon im Fr\u00fchstadium behandeln oder den Ausbruch der Erkrankung verhindern<\/p>\n<\/div>\n<p><!--more--><br \/>\n<!-- {\"type\":\"layout\",\"children\":[{\"type\":\"section\",\"props\":{\"image_position\":\"center-center\",\"style\":\"default\",\"title_breakpoint\":\"xl\",\"title_position\":\"top-left\",\"title_rotation\":\"left\",\"vertical_align\":\"middle\",\"width\":\"default\"},\"children\":[{\"type\":\"row\",\"children\":[{\"type\":\"column\",\"props\":{\"image_position\":\"center-center\",\"position_sticky_breakpoint\":\"m\"},\"children\":[{\"type\":\"headline\",\"props\":{\"content\":\"Leistungen\",\"title_element\":\"h1\"}},{\"type\":\"text\",\"props\":{\"column_breakpoint\":\"m\",\"content\":\"\n\n<h2>Spektrum<\\\/h2>\\n\n\n<p>Unser Leistungsspektrum umfasst u.a.:<br \\\/>- S\\u00e4mtliche Laboruntersuchungen<br \\\/>- Farbultraschall-Untersuchung der Bauchorgane, Farbduplex Echokardiographie, Farbduplexsonographie der Arterien<br \\\/>- Ultraschalluntersuchung der Venen<br \\\/>- Haus\\u00e4rztliche Versorgung<br \\\/>- EKG<br \\\/>- kleine Chirurgie<br \\\/>- Hypertonieschulungen<br \\\/>- Ern\\u00e4hrungsberatung<br \\\/>- DMP Asthma, KHK, Diabetes, COPD<br \\\/>- Gesundheitsuntersuchungen<br \\\/>- Krebsvorsorgeuntersuchungen-Hautkrebsscreening<br \\\/>- Tauglichkeitsuntersuchungen-F\\u00fchrerschein<br \\\/>- Sportmedizin<br \\\/>- Reiseberatung-Impfungen<br \\\/>- Psychosomatische Grundversorgung<br \\\/>- Checkup einmalig zwischen 18-34 Jahren,<br \\\/>\\u00a0\\u00a0 ab 35 Jahren danach alle 3 Jahre<\\\/p>\",\"margin\":\"default\"}},{\"type\":\"text\",\"props\":{\"column_breakpoint\":\"m\",\"content\":\"\n\n<h2>Schwerpunkte<\\\/h2>\\n\n\n<p>Unsere Praxisschwerpunkte sind u.a.:<br \\\/>- Diabetologie: Pr\\u00e4vention \\u2013 Diagnostik und Therapie des Diabetes Mellitus einschlie\\u00dflich Diabetes-Schulung<br \\\/>- Infektiologie: Gezielte Diagnostik und Therapie der Infektionskrankheiten<br \\\/>- Bluthochdruckbehandlung: Abkl\\u00e4rung der Ursache und des Schweregrades der Hypertonie und gezielte Pharmakotherapie<br \\\/>- Gesundheitsvorsorge \\\/ Krebsvorsorge: Bei gezielter Fr\\u00fcherkennung durch einen gro\\u00dfen Check-Up kann man Krankheiten schon im Fr\\u00fchstadium behandeln oder den Ausbruch der Erkrankung verhindern<\\\/p>\",\"margin\":\"default\"}}]}]}]}],\"version\":\"4.4.8\"} --><\/p>\n","protected":false},"excerpt":{"rendered":"<p>Leistungen Spektrum Unser Leistungsspektrum umfasst u.a.:&#8211; S\u00e4mtliche Laboruntersuchungen&#8211; Farbultraschall-Untersuchung der Bauchorgane, Farbduplex Echokardiographie, Farbduplexsonographie der Arterien&#8211; Ultraschalluntersuchung der Venen&#8211; Haus\u00e4rztliche Versorgung&#8211; EKG&#8211; kleine Chirurgie&#8211; Hypertonieschulungen&#8211; Ern\u00e4hrungsberatung&#8211; DMP Asthma, KHK, Diabetes, COPD&#8211; Gesundheitsuntersuchungen&#8211; Krebsvorsorgeuntersuchungen-Hautkrebsscreening&#8211; Tauglichkeitsuntersuchungen-F\u00fchrerschein&#8211; Sportmedizin&#8211; Reiseberatung-Impfungen&#8211; Psychosomatische Grundversorgung&#8211; Checkup einmalig zwischen 18-34 Jahren,\u00a0\u00a0 ab 35 Jahren danach alle 3 Jahre Schwerpunkte Unsere Praxisschwerpunkte sind u.a.:&#8211; [&hellip;]<\/p>\n","protected":false},"author":1,"featured_media":0,"parent":0,"menu_order":0,"comment_status":"closed","ping_status":"closed","template":"","meta":{"footnotes":""},"class_list":["post-155","page","type-page","status-publish","hentry"],"yoast_head":"<!-- This site is optimized with the Yoast SEO plugin v26.2 - https:\/\/yoast.com\/wordpress\/plugins\/seo\/ -->\n<title>Leistungen - Internisten Pinneberg<\/title>\n<meta name=\"robots\" content=\"index, follow, max-snippet:-1, max-image-preview:large, max-video-preview:-1\" \/>\n<link rel=\"canonical\" href=\"http:\/\/www.internist-pinneberg.de\/index.php\/leistungen\/\" \/>\n<meta property=\"og:locale\" content=\"de_DE\" \/>\n<meta property=\"og:type\" content=\"article\" \/>\n<meta property=\"og:title\" content=\"Leistungen - Internisten Pinneberg\" \/>\n<meta property=\"og:description\" content=\"Leistungen Spektrum Unser Leistungsspektrum umfasst u.a.:&#8211; S\u00e4mtliche Laboruntersuchungen&#8211; Farbultraschall-Untersuchung der Bauchorgane, Farbduplex Echokardiographie, Farbduplexsonographie der Arterien&#8211; Ultraschalluntersuchung der Venen&#8211; Haus\u00e4rztliche Versorgung&#8211; EKG&#8211; kleine Chirurgie&#8211; Hypertonieschulungen&#8211; Ern\u00e4hrungsberatung&#8211; DMP Asthma, KHK, Diabetes, COPD&#8211; Gesundheitsuntersuchungen&#8211; Krebsvorsorgeuntersuchungen-Hautkrebsscreening&#8211; Tauglichkeitsuntersuchungen-F\u00fchrerschein&#8211; Sportmedizin&#8211; Reiseberatung-Impfungen&#8211; Psychosomatische Grundversorgung&#8211; Checkup einmalig zwischen 18-34 Jahren,\u00a0\u00a0 ab 35 Jahren danach alle 3 Jahre Schwerpunkte Unsere Praxisschwerpunkte sind u.a.:&#8211; [&hellip;]\" \/>\n<meta property=\"og:url\" content=\"http:\/\/www.internist-pinneberg.de\/index.php\/leistungen\/\" \/>\n<meta property=\"og:site_name\" content=\"Internisten Pinneberg\" \/>\n<meta property=\"article:modified_time\" content=\"2024-10-09T09:09:13+00:00\" \/>\n<meta name=\"twitter:card\" content=\"summary_large_image\" \/>\n<meta name=\"twitter:label1\" content=\"Gesch\u00e4tzte Lesezeit\" \/>\n\t<meta name=\"twitter:data1\" content=\"1\u00a0Minute\" \/>\n<script type=\"application\/ld+json\" class=\"yoast-schema-graph\">{\"@context\":\"https:\/\/schema.org\",\"@graph\":[{\"@type\":\"WebPage\",\"@id\":\"http:\/\/www.internist-pinneberg.de\/index.php\/leistungen\/\",\"url\":\"http:\/\/www.internist-pinneberg.de\/index.php\/leistungen\/\",\"name\":\"Leistungen - Internisten Pinneberg\",\"isPartOf\":{\"@id\":\"https:\/\/www.internist-pinneberg.de\/#website\"},\"datePublished\":\"2024-09-22T14:44:42+00:00\",\"dateModified\":\"2024-10-09T09:09:13+00:00\",\"breadcrumb\":{\"@id\":\"http:\/\/www.internist-pinneberg.de\/index.php\/leistungen\/#breadcrumb\"},\"inLanguage\":\"de\",\"potentialAction\":[{\"@type\":\"ReadAction\",\"target\":[\"http:\/\/www.internist-pinneberg.de\/index.php\/leistungen\/\"]}]},{\"@type\":\"BreadcrumbList\",\"@id\":\"http:\/\/www.internist-pinneberg.de\/index.php\/leistungen\/#breadcrumb\",\"itemListElement\":[{\"@type\":\"ListItem\",\"position\":1,\"name\":\"Startseite\",\"item\":\"https:\/\/www.internist-pinneberg.de\/\"},{\"@type\":\"ListItem\",\"position\":2,\"name\":\"Leistungen\"}]},{\"@type\":\"WebSite\",\"@id\":\"https:\/\/www.internist-pinneberg.de\/#website\",\"url\":\"https:\/\/www.internist-pinneberg.de\/\",\"name\":\"Internisten Pinneberg\",\"description\":\"\",\"potentialAction\":[{\"@type\":\"SearchAction\",\"target\":{\"@type\":\"EntryPoint\",\"urlTemplate\":\"https:\/\/www.internist-pinneberg.de\/?s={search_term_string}\"},\"query-input\":{\"@type\":\"PropertyValueSpecification\",\"valueRequired\":true,\"valueName\":\"search_term_string\"}}],\"inLanguage\":\"de\"}]}<\/script>\n<!-- \/ Yoast SEO plugin. -->","yoast_head_json":{"title":"Leistungen - Internisten Pinneberg","robots":{"index":"index","follow":"follow","max-snippet":"max-snippet:-1","max-image-preview":"max-image-preview:large","max-video-preview":"max-video-preview:-1"},"canonical":"http:\/\/www.internist-pinneberg.de\/index.php\/leistungen\/","og_locale":"de_DE","og_type":"article","og_title":"Leistungen - Internisten Pinneberg","og_description":"Leistungen Spektrum Unser Leistungsspektrum umfasst u.a.:&#8211; S\u00e4mtliche Laboruntersuchungen&#8211; Farbultraschall-Untersuchung der Bauchorgane, Farbduplex Echokardiographie, Farbduplexsonographie der Arterien&#8211; Ultraschalluntersuchung der Venen&#8211; Haus\u00e4rztliche Versorgung&#8211; EKG&#8211; kleine Chirurgie&#8211; Hypertonieschulungen&#8211; Ern\u00e4hrungsberatung&#8211; DMP Asthma, KHK, Diabetes, COPD&#8211; Gesundheitsuntersuchungen&#8211; Krebsvorsorgeuntersuchungen-Hautkrebsscreening&#8211; Tauglichkeitsuntersuchungen-F\u00fchrerschein&#8211; Sportmedizin&#8211; Reiseberatung-Impfungen&#8211; Psychosomatische Grundversorgung&#8211; Checkup einmalig zwischen 18-34 Jahren,\u00a0\u00a0 ab 35 Jahren danach alle 3 Jahre Schwerpunkte Unsere Praxisschwerpunkte sind u.a.:&#8211; [&hellip;]","og_url":"http:\/\/www.internist-pinneberg.de\/index.php\/leistungen\/","og_site_name":"Internisten Pinneberg","article_modified_time":"2024-10-09T09:09:13+00:00","twitter_card":"summary_large_image","twitter_misc":{"Gesch\u00e4tzte Lesezeit":"1\u00a0Minute"},"schema":{"@context":"https:\/\/schema.org","@graph":[{"@type":"WebPage","@id":"http:\/\/www.internist-pinneberg.de\/index.php\/leistungen\/","url":"http:\/\/www.internist-pinneberg.de\/index.php\/leistungen\/","name":"Leistungen - Internisten Pinneberg","isPartOf":{"@id":"https:\/\/www.internist-pinneberg.de\/#website"},"datePublished":"2024-09-22T14:44:42+00:00","dateModified":"2024-10-09T09:09:13+00:00","breadcrumb":{"@id":"http:\/\/www.internist-pinneberg.de\/index.php\/leistungen\/#breadcrumb"},"inLanguage":"de","potentialAction":[{"@type":"ReadAction","target":["http:\/\/www.internist-pinneberg.de\/index.php\/leistungen\/"]}]},{"@type":"BreadcrumbList","@id":"http:\/\/www.internist-pinneberg.de\/index.php\/leistungen\/#breadcrumb","itemListElement":[{"@type":"ListItem","position":1,"name":"Startseite","item":"https:\/\/www.internist-pinneberg.de\/"},{"@type":"ListItem","position":2,"name":"Leistungen"}]},{"@type":"WebSite","@id":"https:\/\/www.internist-pinneberg.de\/#website","url":"https:\/\/www.internist-pinneberg.de\/","name":"Internisten Pinneberg","description":"","potentialAction":[{"@type":"SearchAction","target":{"@type":"EntryPoint","urlTemplate":"https:\/\/www.internist-pinneberg.de\/?s={search_term_string}"},"query-input":{"@type":"PropertyValueSpecification","valueRequired":true,"valueName":"search_term_string"}}],"inLanguage":"de"}]}},"_links":{"self":[{"href":"http:\/\/www.internist-pinneberg.de\/index.php\/wp-json\/wp\/v2\/pages\/155","targetHints":{"allow":["GET"]}}],"collection":[{"href":"http:\/\/www.internist-pinneberg.de\/index.php\/wp-json\/wp\/v2\/pages"}],"about":[{"href":"http:\/\/www.internist-pinneberg.de\/index.php\/wp-json\/wp\/v2\/types\/page"}],"author":[{"embeddable":true,"href":"http:\/\/www.internist-pinneberg.de\/index.php\/wp-json\/wp\/v2\/users\/1"}],"replies":[{"embeddable":true,"href":"http:\/\/www.internist-pinneberg.de\/index.php\/wp-json\/wp\/v2\/comments?post=155"}],"version-history":[{"count":12,"href":"http:\/\/www.internist-pinneberg.de\/index.php\/wp-json\/wp\/v2\/pages\/155\/revisions"}],"predecessor-version":[{"id":356,"href":"http:\/\/www.internist-pinneberg.de\/index.php\/wp-json\/wp\/v2\/pages\/155\/revisions\/356"}],"wp:attachment":[{"href":"http:\/\/www.internist-pinneberg.de\/index.php\/wp-json\/wp\/v2\/media?parent=155"}],"curies":[{"name":"wp","href":"https:\/\/api.w.org\/{rel}","templated":true}]}}