{"id":174,"date":"2024-09-22T17:57:26","date_gmt":"2024-09-22T15:57:26","guid":{"rendered":"http:\/\/www.internist-pinneberg.de\/?page_id=174"},"modified":"2024-10-09T12:17:12","modified_gmt":"2024-10-09T10:17:12","slug":"unser-team","status":"publish","type":"page","link":"http:\/\/www.internist-pinneberg.de\/index.php\/unser-team\/","title":{"rendered":"Unser Team"},"content":{"rendered":"<h1>\n<h1 style=\"text-align: center;\">Wir stellen uns vor<\/h1>\n<\/h1>\n<div>\n<h2>Unsere \u00c4rzte<\/h2>\n<\/div>\n<ul>\n<li>\n<p><img decoding=\"async\" src=\"\/wp-content\/uploads\/2024\/10\/20240423-IMG_0557-scaled.jpg\" alt=\"\"><\/p>\n<h2>Dr. Boubaris<\/h2>\n<p>Internist und Hausarzt<\/p>\n<div>\n<p>Dr. Pantelis Boubaris<br \/>Studium der Medizin und Promotion an der Universit\u00e4t Hamburg<br \/>T\u00e4tigkeit im UKE<br \/>T\u00e4tigkeit im Klinikum Ahrensburg<br \/>T\u00e4tigkeit im Klinikum Wedel<br \/>T\u00e4tigkeit im Universit\u00e4tskrankenhaus ACHEPA<br \/>Anerkennung zum Facharzt f\u00fcr Innere Medizin<br \/>Erster Oberarzt und gesch\u00e4ftsf\u00fchrender Chefarzt im Klinikum Wedel<br \/>Niederlassung in Pinneberg als Internist und Hausarzt<\/p>\n<\/div>\n<p><a href=\"#\"><\/a><\/p>\n<\/li>\n<li>\n<p><img decoding=\"async\" src=\"\/wp-content\/uploads\/2024\/10\/20240320-IMG_0871-scaled.jpg\" alt=\"\"><\/p>\n<h2>Andreas Jurkowlaniec<\/h2>\n<p>Hausarzt<\/p>\n<div>\n<p>Andreas Jurkowlaniec<br \/>Studium der Medizin an der Universit\u00e4t Kiel<\/p>\n<p>T\u00e4tigkeit in der Uni-Klinik Kiel<br \/>T\u00e4tigkeit in allgemeine Medizin im Klinikum Wedel<br \/>T\u00e4tigkeit in Orthop\u00e4die in der Klinik Dr. D\u00fcmer<br \/>Niederlassung in Pinneberg seit 1995 als Hausarzt<\/p>\n<\/div>\n<p><a href=\"#\"><\/a><\/p>\n<\/li>\n<\/ul>\n<h1>\n<h3>Unser Team<\/h3>\n<\/h1>\n<div>\n<p>        <img decoding=\"async\" src=\"\/wp-content\/uploads\/2024\/09\/MEPHOTO-20032024-Praxis-IMG_0798.jpg\" alt=\"\"><\/p>\n<h3>Frau Schulz<\/h3>\n<p>MFA<\/p>\n<div>\n<p>Empfang, Labor, DMP, Abrechnung<\/p>\n<\/div>\n<\/div>\n<div>\n<p>        <img decoding=\"async\" src=\"\/wp-content\/uploads\/2024\/09\/MEPHOTO-20032024-Praxis-IMG_0761-3.jpg\" alt=\"\"><\/p>\n<h3>Frau Dimoulas<\/h3>\n<p>Empfang<\/p>\n<\/div>\n<div>\n<p>        <img decoding=\"async\" src=\"\/wp-content\/uploads\/2024\/09\/MEPHOTO-23042024-DR.Boubaris-Team-IMG_0566.jpg\" alt=\"\"><\/p>\n<h3>Frau Gutzeit<\/h3>\n<p>MFA<\/p>\n<div>\n<p>Empfang, Labor<\/p>\n<\/div>\n<\/div>\n<p><!--more--><br \/>\n<!-- {\"type\":\"layout\",\"children\":[{\"type\":\"section\",\"props\":{\"image_position\":\"center-center\",\"overlap\":false,\"padding\":\"small\",\"padding_remove_bottom\":true,\"preserve_color\":false,\"style\":\"default\",\"title_breakpoint\":\"xl\",\"title_position\":\"top-left\",\"title_rotation\":\"left\",\"vertical_align\":\"\",\"width\":\"expand\"},\"children\":[{\"type\":\"row\",\"children\":[{\"type\":\"column\",\"props\":{\"image_position\":\"center-center\",\"position_sticky_breakpoint\":\"m\",\"vertical_align\":\"middle\",\"width_medium\":\"expand\"}},{\"type\":\"column\",\"props\":{\"image_position\":\"center-center\",\"position_sticky_breakpoint\":\"m\",\"vertical_align\":\"middle\",\"width_medium\":\"2-5\"},\"children\":[{\"type\":\"headline\",\"props\":{\"content\":\"\n\n<h1 style=\\\"text-align: center;\\\">Wir stellen uns vor<\\\/h1>\",\"margin\":\"small\",\"text_align\":\"center\",\"title_element\":\"h1\"}},{\"type\":\"headline\",\"props\":{\"content\":\"\n\n<h2>Unsere \\u00c4rzte<\\\/h2>\",\"text_align\":\"center\",\"title_color\":\"primary\",\"title_element\":\"div\",\"title_style\":\"h6\"}},{\"type\":\"text\",\"props\":{\"block_align\":\"center\",\"column_breakpoint\":\"m\",\"content\":\"\",\"margin\":\"default\",\"maxwidth\":\"xlarge\",\"text_align\":\"center\",\"text_style\":\"large\"}}]},{\"type\":\"column\",\"props\":{\"image_position\":\"center-center\",\"position_sticky_breakpoint\":\"m\",\"vertical_align\":\"middle\",\"width_medium\":\"expand\"}}],\"props\":{\"layout\":\"1-3,1-3,1-3\"}}],\"name\":\"Hero\"},{\"type\":\"section\",\"props\":{\"image_position\":\"center-center\",\"padding_remove_bottom\":true,\"padding_remove_top\":false,\"style\":\"default\",\"title_breakpoint\":\"xl\",\"title_position\":\"top-left\",\"title_rotation\":\"left\",\"vertical_align\":\"\",\"width\":\"\"},\"children\":[{\"type\":\"row\",\"children\":[{\"type\":\"column\",\"props\":{\"image_position\":\"center-center\",\"position_sticky_breakpoint\":\"m\"},\"children\":[{\"type\":\"grid\",\"props\":{\"content_column_breakpoint\":\"m\",\"filter_align\":\"left\",\"filter_all\":true,\"filter_grid_breakpoint\":\"m\",\"filter_grid_width\":\"auto\",\"filter_position\":\"top\",\"filter_style\":\"tab\",\"grid_default\":\"1\",\"grid_medium\":\"2\",\"icon_width\":80,\"image_align\":\"left\",\"image_grid_breakpoint\":\"\",\"image_grid_width\":\"2-5\",\"image_link\":false,\"image_loading\":true,\"image_svg_color\":\"emphasis\",\"image_vertical_align\":true,\"image_width\":\"610\",\"item_animation\":true,\"link_margin\":\"small\",\"link_size\":\"small\",\"link_style\":\"default\",\"link_text\":\"\",\"margin\":\"default\",\"meta_align\":\"below-title\",\"meta_color\":\"primary\",\"meta_element\":\"div\",\"meta_style\":\"h6\",\"panel_expand\":\"image\",\"panel_image_no_padding\":true,\"panel_link\":true,\"panel_padding\":\"default\",\"panel_style\":\"card-default\",\"parallax_easing\":\"1\",\"position\":\"relative\",\"position_z_index\":\"1\",\"show_content\":true,\"show_image\":true,\"show_link\":true,\"show_meta\":true,\"show_title\":true,\"title_align\":\"top\",\"title_element\":\"h2\",\"title_grid_breakpoint\":\"m\",\"title_grid_width\":\"1-2\",\"title_hover_style\":\"reset\",\"title_link\":false,\"title_style\":\"h3\"},\"children\":[{\"type\":\"grid_item\",\"props\":{\"content\":\"\n\n<p>Dr. Pantelis Boubaris<br \\\/>Studium der Medizin und Promotion an der Universit\\u00e4t Hamburg<br \\\/>T\\u00e4tigkeit im UKE<br \\\/>T\\u00e4tigkeit im Klinikum Ahrensburg<br \\\/>T\\u00e4tigkeit im Klinikum Wedel<br \\\/>T\\u00e4tigkeit im Universit\\u00e4tskrankenhaus ACHEPA<br \\\/>Anerkennung zum Facharzt f\\u00fcr Innere Medizin<br \\\/>Erster Oberarzt und gesch\\u00e4ftsf\\u00fchrender Chefarzt im Klinikum Wedel<br \\\/>Niederlassung in Pinneberg als Internist und Hausarzt<\\\/p>\",\"image\":\"wp-content\\\/uploads\\\/2024\\\/10\\\/20240423-IMG_0557-scaled.jpg\",\"link\":\"#\",\"meta\":\"Internist und Hausarzt\",\"panel_style\":\"card-primary\",\"title\":\"Dr. Boubaris\"}},{\"type\":\"grid_item\",\"props\":{\"content\":\"\n\n<p>Andreas Jurkowlaniec<br \\\/>Studium der Medizin an der Universit\\u00e4t Kiel<\\\/p>\\n\n\n<p>T\\u00e4tigkeit in der Uni-Klinik Kiel<br \\\/>T\\u00e4tigkeit in allgemeine Medizin im Klinikum Wedel<br \\\/>T\\u00e4tigkeit in Orthop\\u00e4die in der Klinik Dr. D\\u00fcmer<br \\\/>Niederlassung in Pinneberg seit 1995 als Hausarzt<\\\/p>\",\"image\":\"wp-content\\\/uploads\\\/2024\\\/10\\\/20240320-IMG_0871-scaled.jpg\",\"link\":\"#\",\"meta\":\"Hausarzt\",\"panel_style\":\"card-secondary\",\"title\":\"Andreas Jurkowlaniec\"}}],\"modified\":\"2021-07-27T08:22:49.412Z\"}]}],\"props\":{\"width\":\"large\"}}],\"name\":\"Doctors\"},{\"type\":\"section\",\"props\":{\"image_position\":\"center-center\",\"style\":\"default\",\"title\":\"Unser Team\",\"title_breakpoint\":\"xl\",\"title_position\":\"top-left\",\"title_rotation\":\"left\",\"vertical_align\":\"middle\",\"width\":\"default\"},\"children\":[{\"type\":\"row\",\"children\":[{\"type\":\"column\",\"props\":{\"image_position\":\"center-center\",\"position_sticky_breakpoint\":\"m\"},\"children\":[{\"type\":\"headline\",\"props\":{\"content\":\"\n\n<h3>Unser Team<\\\/h3>\",\"title_element\":\"h1\",\"title_style\":\"h6\"}}]}]},{\"type\":\"row\",\"props\":{\"layout\":\"1-3,1-3,1-3\"},\"children\":[{\"type\":\"column\",\"props\":{\"image_position\":\"center-center\",\"position_sticky_breakpoint\":\"m\",\"width_medium\":\"1-3\"},\"children\":[{\"type\":\"panel\",\"props\":{\"content\":\"\n\n<p>Empfang, Labor, DMP, Abrechnung<\\\/p>\",\"content_column_breakpoint\":\"m\",\"height_expand\":true,\"icon_width\":80,\"image\":\"wp-content\\\/uploads\\\/2024\\\/09\\\/MEPHOTO-20032024-Praxis-IMG_0798.jpg\",\"image_align\":\"top\",\"image_grid_breakpoint\":\"m\",\"image_grid_width\":\"1-2\",\"image_svg_color\":\"emphasis\",\"link_style\":\"default\",\"link_text\":\"Read more\",\"margin\":\"default\",\"meta\":\"MFA\",\"meta_align\":\"below-title\",\"meta_element\":\"div\",\"meta_style\":\"text-meta\",\"panel_style\":\"card-primary\",\"title\":\"Frau Schulz\",\"title_align\":\"top\",\"title_element\":\"h3\",\"title_grid_breakpoint\":\"m\",\"title_grid_width\":\"1-2\",\"title_hover_style\":\"reset\"}}]},{\"type\":\"column\",\"props\":{\"image_position\":\"center-center\",\"position_sticky_breakpoint\":\"m\",\"width_medium\":\"1-3\"},\"children\":[{\"type\":\"panel\",\"props\":{\"content\":\"\",\"content_column_breakpoint\":\"m\",\"height_expand\":true,\"icon_width\":80,\"image\":\"wp-content\\\/uploads\\\/2024\\\/09\\\/MEPHOTO-20032024-Praxis-IMG_0761-3.jpg\",\"image_align\":\"top\",\"image_grid_breakpoint\":\"m\",\"image_grid_width\":\"1-2\",\"image_svg_color\":\"emphasis\",\"link_style\":\"default\",\"link_text\":\"Read more\",\"margin\":\"default\",\"meta\":\"Empfang\",\"meta_align\":\"below-title\",\"meta_element\":\"div\",\"meta_style\":\"text-meta\",\"panel_style\":\"card-secondary\",\"title\":\"Frau Dimoulas\",\"title_align\":\"top\",\"title_element\":\"h3\",\"title_grid_breakpoint\":\"m\",\"title_grid_width\":\"1-2\",\"title_hover_style\":\"reset\"}}]},{\"type\":\"column\",\"props\":{\"image_position\":\"center-center\",\"position_sticky_breakpoint\":\"m\",\"width_medium\":\"1-3\"},\"children\":[{\"type\":\"panel\",\"props\":{\"content\":\"\n\n<p>Empfang, Labor<\\\/p>\",\"content_column_breakpoint\":\"m\",\"height_expand\":true,\"icon_width\":80,\"image\":\"wp-content\\\/uploads\\\/2024\\\/09\\\/MEPHOTO-23042024-DR.Boubaris-Team-IMG_0566.jpg\",\"image_align\":\"top\",\"image_grid_breakpoint\":\"m\",\"image_grid_width\":\"1-2\",\"image_svg_color\":\"emphasis\",\"link_style\":\"default\",\"link_text\":\"Read more\",\"margin\":\"default\",\"meta\":\"MFA\",\"meta_align\":\"below-title\",\"meta_element\":\"div\",\"meta_style\":\"text-meta\",\"panel_style\":\"card-primary\",\"title\":\"Frau Gutzeit\",\"title_align\":\"top\",\"title_element\":\"h3\",\"title_grid_breakpoint\":\"m\",\"title_grid_width\":\"1-2\",\"title_hover_style\":\"reset\"}}]}]}]}],\"version\":\"4.4.8\"} --><\/p>\n","protected":false},"excerpt":{"rendered":"<p>Wir stellen uns vor Unsere \u00c4rzte Dr. Boubaris Internist und Hausarzt Dr. Pantelis BoubarisStudium der Medizin und Promotion an der Universit\u00e4t HamburgT\u00e4tigkeit im UKET\u00e4tigkeit im Klinikum AhrensburgT\u00e4tigkeit im Klinikum WedelT\u00e4tigkeit im Universit\u00e4tskrankenhaus ACHEPAAnerkennung zum Facharzt f\u00fcr Innere MedizinErster Oberarzt und gesch\u00e4ftsf\u00fchrender Chefarzt im Klinikum WedelNiederlassung in Pinneberg als Internist und Hausarzt Andreas Jurkowlaniec Hausarzt Andreas [&hellip;]<\/p>\n","protected":false},"author":1,"featured_media":0,"parent":0,"menu_order":0,"comment_status":"closed","ping_status":"closed","template":"","meta":{"footnotes":""},"class_list":["post-174","page","type-page","status-publish","hentry"],"yoast_head":"<!-- This site is optimized with the Yoast SEO plugin v26.2 - https:\/\/yoast.com\/wordpress\/plugins\/seo\/ -->\n<title>Unser Team - Internisten Pinneberg<\/title>\n<meta name=\"robots\" content=\"index, follow, max-snippet:-1, max-image-preview:large, max-video-preview:-1\" \/>\n<link rel=\"canonical\" href=\"http:\/\/www.internist-pinneberg.de\/index.php\/unser-team\/\" \/>\n<meta property=\"og:locale\" content=\"de_DE\" \/>\n<meta property=\"og:type\" content=\"article\" \/>\n<meta property=\"og:title\" content=\"Unser Team - Internisten Pinneberg\" \/>\n<meta property=\"og:description\" content=\"Wir stellen uns vor Unsere \u00c4rzte Dr. Boubaris Internist und Hausarzt Dr. Pantelis BoubarisStudium der Medizin und Promotion an der Universit\u00e4t HamburgT\u00e4tigkeit im UKET\u00e4tigkeit im Klinikum AhrensburgT\u00e4tigkeit im Klinikum WedelT\u00e4tigkeit im Universit\u00e4tskrankenhaus ACHEPAAnerkennung zum Facharzt f\u00fcr Innere MedizinErster Oberarzt und gesch\u00e4ftsf\u00fchrender Chefarzt im Klinikum WedelNiederlassung in Pinneberg als Internist und Hausarzt Andreas Jurkowlaniec Hausarzt Andreas [&hellip;]\" \/>\n<meta property=\"og:url\" content=\"http:\/\/www.internist-pinneberg.de\/index.php\/unser-team\/\" \/>\n<meta property=\"og:site_name\" content=\"Internisten Pinneberg\" \/>\n<meta property=\"article:modified_time\" content=\"2024-10-09T10:17:12+00:00\" \/>\n<meta name=\"twitter:card\" content=\"summary_large_image\" \/>\n<meta name=\"twitter:label1\" content=\"Gesch\u00e4tzte Lesezeit\" \/>\n\t<meta name=\"twitter:data1\" content=\"1\u00a0Minute\" \/>\n<script type=\"application\/ld+json\" class=\"yoast-schema-graph\">{\"@context\":\"https:\/\/schema.org\",\"@graph\":[{\"@type\":\"WebPage\",\"@id\":\"http:\/\/www.internist-pinneberg.de\/index.php\/unser-team\/\",\"url\":\"http:\/\/www.internist-pinneberg.de\/index.php\/unser-team\/\",\"name\":\"Unser Team - Internisten Pinneberg\",\"isPartOf\":{\"@id\":\"https:\/\/www.internist-pinneberg.de\/#website\"},\"datePublished\":\"2024-09-22T15:57:26+00:00\",\"dateModified\":\"2024-10-09T10:17:12+00:00\",\"breadcrumb\":{\"@id\":\"http:\/\/www.internist-pinneberg.de\/index.php\/unser-team\/#breadcrumb\"},\"inLanguage\":\"de\",\"potentialAction\":[{\"@type\":\"ReadAction\",\"target\":[\"http:\/\/www.internist-pinneberg.de\/index.php\/unser-team\/\"]}]},{\"@type\":\"BreadcrumbList\",\"@id\":\"http:\/\/www.internist-pinneberg.de\/index.php\/unser-team\/#breadcrumb\",\"itemListElement\":[{\"@type\":\"ListItem\",\"position\":1,\"name\":\"Startseite\",\"item\":\"https:\/\/www.internist-pinneberg.de\/\"},{\"@type\":\"ListItem\",\"position\":2,\"name\":\"Unser Team\"}]},{\"@type\":\"WebSite\",\"@id\":\"https:\/\/www.internist-pinneberg.de\/#website\",\"url\":\"https:\/\/www.internist-pinneberg.de\/\",\"name\":\"Internisten Pinneberg\",\"description\":\"\",\"potentialAction\":[{\"@type\":\"SearchAction\",\"target\":{\"@type\":\"EntryPoint\",\"urlTemplate\":\"https:\/\/www.internist-pinneberg.de\/?s={search_term_string}\"},\"query-input\":{\"@type\":\"PropertyValueSpecification\",\"valueRequired\":true,\"valueName\":\"search_term_string\"}}],\"inLanguage\":\"de\"}]}<\/script>\n<!-- \/ Yoast SEO plugin. -->","yoast_head_json":{"title":"Unser Team - Internisten Pinneberg","robots":{"index":"index","follow":"follow","max-snippet":"max-snippet:-1","max-image-preview":"max-image-preview:large","max-video-preview":"max-video-preview:-1"},"canonical":"http:\/\/www.internist-pinneberg.de\/index.php\/unser-team\/","og_locale":"de_DE","og_type":"article","og_title":"Unser Team - Internisten Pinneberg","og_description":"Wir stellen uns vor Unsere \u00c4rzte Dr. Boubaris Internist und Hausarzt Dr. Pantelis BoubarisStudium der Medizin und Promotion an der Universit\u00e4t HamburgT\u00e4tigkeit im UKET\u00e4tigkeit im Klinikum AhrensburgT\u00e4tigkeit im Klinikum WedelT\u00e4tigkeit im Universit\u00e4tskrankenhaus ACHEPAAnerkennung zum Facharzt f\u00fcr Innere MedizinErster Oberarzt und gesch\u00e4ftsf\u00fchrender Chefarzt im Klinikum WedelNiederlassung in Pinneberg als Internist und Hausarzt Andreas Jurkowlaniec Hausarzt Andreas [&hellip;]","og_url":"http:\/\/www.internist-pinneberg.de\/index.php\/unser-team\/","og_site_name":"Internisten Pinneberg","article_modified_time":"2024-10-09T10:17:12+00:00","twitter_card":"summary_large_image","twitter_misc":{"Gesch\u00e4tzte Lesezeit":"1\u00a0Minute"},"schema":{"@context":"https:\/\/schema.org","@graph":[{"@type":"WebPage","@id":"http:\/\/www.internist-pinneberg.de\/index.php\/unser-team\/","url":"http:\/\/www.internist-pinneberg.de\/index.php\/unser-team\/","name":"Unser Team - Internisten Pinneberg","isPartOf":{"@id":"https:\/\/www.internist-pinneberg.de\/#website"},"datePublished":"2024-09-22T15:57:26+00:00","dateModified":"2024-10-09T10:17:12+00:00","breadcrumb":{"@id":"http:\/\/www.internist-pinneberg.de\/index.php\/unser-team\/#breadcrumb"},"inLanguage":"de","potentialAction":[{"@type":"ReadAction","target":["http:\/\/www.internist-pinneberg.de\/index.php\/unser-team\/"]}]},{"@type":"BreadcrumbList","@id":"http:\/\/www.internist-pinneberg.de\/index.php\/unser-team\/#breadcrumb","itemListElement":[{"@type":"ListItem","position":1,"name":"Startseite","item":"https:\/\/www.internist-pinneberg.de\/"},{"@type":"ListItem","position":2,"name":"Unser Team"}]},{"@type":"WebSite","@id":"https:\/\/www.internist-pinneberg.de\/#website","url":"https:\/\/www.internist-pinneberg.de\/","name":"Internisten Pinneberg","description":"","potentialAction":[{"@type":"SearchAction","target":{"@type":"EntryPoint","urlTemplate":"https:\/\/www.internist-pinneberg.de\/?s={search_term_string}"},"query-input":{"@type":"PropertyValueSpecification","valueRequired":true,"valueName":"search_term_string"}}],"inLanguage":"de"}]}},"_links":{"self":[{"href":"http:\/\/www.internist-pinneberg.de\/index.php\/wp-json\/wp\/v2\/pages\/174","targetHints":{"allow":["GET"]}}],"collection":[{"href":"http:\/\/www.internist-pinneberg.de\/index.php\/wp-json\/wp\/v2\/pages"}],"about":[{"href":"http:\/\/www.internist-pinneberg.de\/index.php\/wp-json\/wp\/v2\/types\/page"}],"author":[{"embeddable":true,"href":"http:\/\/www.internist-pinneberg.de\/index.php\/wp-json\/wp\/v2\/users\/1"}],"replies":[{"embeddable":true,"href":"http:\/\/www.internist-pinneberg.de\/index.php\/wp-json\/wp\/v2\/comments?post=174"}],"version-history":[{"count":61,"href":"http:\/\/www.internist-pinneberg.de\/index.php\/wp-json\/wp\/v2\/pages\/174\/revisions"}],"predecessor-version":[{"id":364,"href":"http:\/\/www.internist-pinneberg.de\/index.php\/wp-json\/wp\/v2\/pages\/174\/revisions\/364"}],"wp:attachment":[{"href":"http:\/\/www.internist-pinneberg.de\/index.php\/wp-json\/wp\/v2\/media?parent=174"}],"curies":[{"name":"wp","href":"https:\/\/api.w.org\/{rel}","templated":true}]}}