{"id":22,"date":"2024-09-22T12:35:18","date_gmt":"2024-09-22T10:35:18","guid":{"rendered":"http:\/\/www.internist-pinneberg.de\/?page_id=22"},"modified":"2025-08-11T07:00:39","modified_gmt":"2025-08-11T05:00:39","slug":"impressum","status":"publish","type":"page","link":"http:\/\/www.internist-pinneberg.de\/index.php\/impressum\/","title":{"rendered":"Impressum"},"content":{"rendered":"<div>Impressum<\/div>\n<h1>Impressum \/ Kontakt<\/h1>\n<div>\n<h1>Impressum<\/h1>\n<p>Internistisch \/ Haus\u00e4rztliche Gemeinschaftspraxis<br \/>Dr. med. P. Boubaris \u2013 Andreas Jurkowlaniec<br \/>Internist \u2013 Haus\u00e4rzte \u2013 Diabetologie \u2013 Ultraschalldiagnostik<\/p>\n<p>Bismarckstr. 6<br \/>25421 Pinneberg<br \/>Telefon: 04101 \/ 23040<br \/>Telefax: 04101 \/ 513210<\/p>\n<p>Mailto: <a href=\"mailto:kontakt@internist-pinneberg.de\">kontakt@internist-pinneberg.de<\/a><\/p>\n<\/p>\n<p>Pflichtangaben f\u00fcr \u00c4rzte mit eigener Homepage gem\u00e4\u00df Telemediengesetz vom 01.03.2007:<\/p>\n<p>Angaben nach dem Gesetz \u00fcber den elektronischen Gesch\u00e4ftsverkehr:<\/p>\n<p>Zust\u00e4ndige \u00c4rztekammer:<br \/>\u00c4rztekammer Schleswig Holstein<br \/>Bismarckalle 8-12, 23795 Bad Segeberg<br \/>Tel: 04551 &#8211; 80 30, Fax: 04551 &#8211; 80 31 88<br \/>Berufsordnung unter <a href=\"http:\/\/www.aeksh.de\" target=\"_blank\" rel=\"noopener\">http:\/\/www.aeksh.de<\/a><\/p>\n<p>Zust\u00e4ndige Kassen\u00e4rztliche Vereinigung:<br \/>KV Schleswig-Holstein<br \/>Bismarckalle 1-6, 23795 Bad Segeberg<br \/>Tel: 04551 &#8211; 88 30, Fax: 04551 &#8211; 88 32 09<\/p>\n<p>Dr. med. P. Boubaris ist laut Berufsbezeichnung Arzt, verliehen von der Bundesrepublik Deutschland.<\/p>\n<p>Andreas Jurkowlaniec ist laut Berufsbezeichnung Arzt, verliehen von der Bundesrepublik Deutschland.<\/p>\n<p>Inhaltlich Verantwortliche gem\u00e4\u00df \u00a7 10 Absatz 3 MDStV:<br \/>Dr. med. P. Boubaris<br \/>Andreas Jurkowlaniec<\/p>\n<\/div>\n<div>\n<p>Datenschutzerkl\u00e4rung f\u00fcr internist-pinneberg.de<\/p>\n<p>1. Verantwortlicher<br \/>Verantwortlicher f\u00fcr die Datenverarbeitung auf dieser Website ist:<\/p>\n<p>Internist Pinneberg<\/p>\n<p>Bismarckstr. 6<br \/>25421 Pinneberg<br \/>Telefon: 04101 \/ 23040<br \/>Telefax: 04101 \/ 513210<\/p>\n<p>Mailto: <a href=\"mailto:kontakt@internist-pinneberg.de\">kontakt@internist-pinneberg.de<\/a><\/p>\n<p>2. Erhebung und Verarbeitung personenbezogener Daten <br \/>Personenbezogene Daten werden auf dieser Website nur im technisch notwendigen Umfang erhoben und verarbeitet.<\/p>\n<p>Server-Logfiles: Bei jedem Zugriff auf diese Website werden automatisch Informationen in Server-Logfiles gespeichert. Diese Informationen umfassen:<br \/>IP-Adresse des anfragenden Rechners<br \/>Datum und Uhrzeit der Anfrage<br \/>Name und URL der abgerufenen Datei<br \/>\u00dcbertragene Datenmenge<br \/>Meldung \u00fcber erfolgreichen Abruf (HTTP-Statuscode)<br \/>Website, von der aus der Zugriff erfolgt (Referrer URL)<br \/>Verwendeter Browser und ggf. Betriebssystem Ihres Rechners sowie der Name Ihres Access-Providers<br \/>Diese Daten werden ausschlie\u00dflich zur Gew\u00e4hrleistung eines reibungslosen Betriebs der Website, zur Verbesserung des Angebots und zu internen statistischen Zwecken verarbeitet. Eine Zusammenf\u00fchrung dieser Daten mit anderen Datenquellen erfolgt nicht. <br \/>Kontaktformular: Wenn Sie das Kontaktformular auf dieser Website nutzen, werden die von Ihnen eingegebenen Daten (Name, E-Mail-Adresse, Betreff, Nachricht) zum Zwecke der Bearbeitung Ihrer Anfrage gespeichert. Eine Weitergabe dieser Daten an Dritte erfolgt nicht.<br \/>Cookies: Diese Website verwendet keine Cookies.<\/p>\n<p>3. Rechte der betroffenen Personen<br \/>Sie haben das Recht, Auskunft \u00fcber die von uns \u00fcber Sie gespeicherten personenbezogenen Daten zu erhalten. Ebenso haben Sie das Recht auf Berichtigung, L\u00f6schung oder Einschr\u00e4nkung der Verarbeitung dieser Daten. Dar\u00fcber hinaus haben Sie das Recht, der Verarbeitung Ihrer Daten zu widersprechen und das Recht auf Daten\u00fcbertragbarkeit. Zur Aus\u00fcbung dieser Rechte wenden Sie sich bitte an die oben genannten Verantwortlichen.<\/p>\n<p>4. Widerspruchsrecht<br \/>Sie haben das Recht, der Verarbeitung Ihrer personenbezogenen Daten zu widersprechen, sofern die Datenverarbeitung auf Grundlage unseres berechtigten Interesses erfolgt.<\/p>\n<p>5. Beschwerderecht<br \/>Sie haben das Recht, sich bei der zust\u00e4ndigen Aufsichtsbeh\u00f6rde \u00fcber die Verarbeitung Ihrer personenbezogenen Daten zu beschweren. Zust\u00e4ndig ist der Landesdatenschutzbeauftragte des Bundeslandes, in dem sich Ihr Wohnsitz befindet.<\/p>\n<p>6. Dauer der Datenspeicherung<br \/>Personenbezogene Daten werden nur so lange gespeichert, wie dies f\u00fcr die Erf\u00fcllung des jeweiligen Zwecks erforderlich ist oder gesetzliche Aufbewahrungsfristen bestehen.<\/p>\n<p>7. \u00c4nderungen der Datenschutzerkl\u00e4rung<br \/>Diese Datenschutzerkl\u00e4rung kann jederzeit ge\u00e4ndert werden. Es gilt die jeweils aktuelle, auf dieser Website ver\u00f6ffentlichte Fassung.<\/p>\n<\/div>\n<div>\n<p>53.66184355924284,9.797068797500339<\/p>\n<\/div>\n<p><!--more--><br \/>\n<!-- {\"type\":\"layout\",\"children\":[{\"type\":\"section\",\"props\":{\"image_position\":\"center-center\",\"padding\":\"small\",\"padding_remove_bottom\":true,\"status\":\"disabled\",\"style\":\"default\",\"title_breakpoint\":\"xl\",\"title_position\":\"top-left\",\"title_rotation\":\"left\",\"vertical_align\":\"\",\"width\":\"large\"},\"children\":[{\"type\":\"row\",\"children\":[{\"type\":\"column\",\"props\":{\"image_position\":\"center-center\",\"position_sticky_breakpoint\":\"m\"},\"children\":[{\"type\":\"alert\",\"props\":{\"alert_size\":false,\"content\":\"Elit, sed do eiusmod tempor incididunt ut labore et dolore magna aliqua. Ut enim ad minim veniam, quis nostrud exercitation.\",\"content_margin\":\"small\",\"link\":\"#\",\"text_align\":\"center\",\"title\":\"Corona-Virus Update:\",\"title_element\":\"div\",\"title_inline\":true,\"title_style\":\"h5\"}}]}]}],\"name\":\"Alert\"},{\"type\":\"section\",\"props\":{\"image_position\":\"center-center\",\"style\":\"default\",\"title_breakpoint\":\"xl\",\"title_position\":\"top-left\",\"title_rotation\":\"left\",\"vertical_align\":\"\",\"width\":\"\"},\"children\":[{\"type\":\"row\",\"children\":[{\"type\":\"column\",\"props\":{\"image_position\":\"center-center\",\"position_sticky_breakpoint\":\"m\"},\"children\":[{\"type\":\"headline\",\"props\":{\"content\":\"Impressum\",\"text_align\":\"center\",\"title_color\":\"primary\",\"title_element\":\"div\",\"title_style\":\"h6\"}},{\"type\":\"headline\",\"props\":{\"content\":\"Impressum \\\/ Kontakt\",\"margin\":\"remove-vertical\",\"text_align\":\"center\",\"title_element\":\"h1\"}},{\"type\":\"text\",\"props\":{\"block_align\":\"center\",\"column_breakpoint\":\"m\",\"content\":\"\n\n<h1>Impressum<\\\/h1>\\n\n\n<p>Internistisch \\\/ Haus\\u00e4rztliche Gemeinschaftspraxis<br \\\/>Dr. med. P. Boubaris \\u2013 Andreas Jurkowlaniec<br \\\/>Internist \\u2013 Haus\\u00e4rzte \\u2013 Diabetologie \\u2013 Ultraschalldiagnostik<\\\/p>\\n\n\n<p>Bismarckstr. 6<br \\\/>25421 Pinneberg<br \\\/>Telefon: 04101 \\\/ 23040<br \\\/>Telefax: 04101 \\\/ 513210<\\\/p>\\n\n\n<p>Mailto: <a href=\\\"mailto:kontakt@internist-pinneberg.de\\\">kontakt@internist-pinneberg.de<\\\/a><\\\/p>\\n\n\n<p><\\\/p>\\n\n\n<p>Pflichtangaben f\\u00fcr \\u00c4rzte mit eigener Homepage gem\\u00e4\\u00df Telemediengesetz vom 01.03.2007:<\\\/p>\\n\n\n<p>Angaben nach dem Gesetz \\u00fcber den elektronischen Gesch\\u00e4ftsverkehr:<\\\/p>\\n\n\n<p>Zust\\u00e4ndige \\u00c4rztekammer:<br \\\/>\\u00c4rztekammer Schleswig Holstein<br \\\/>Bismarckalle 8-12, 23795 Bad Segeberg<br \\\/>Tel: 04551 - 80 30, Fax: 04551 - 80 31 88<br \\\/>Berufsordnung unter <a href=\\\"http:\\\/\\\/www.aeksh.de\\\" target=\\\"_blank\\\" rel=\\\"noopener\\\">http:\\\/\\\/www.aeksh.de<\\\/a><\\\/p>\\n\n\n<p>Zust\\u00e4ndige Kassen\\u00e4rztliche Vereinigung:<br \\\/>KV Schleswig-Holstein<br \\\/>Bismarckalle 1-6, 23795 Bad Segeberg<br \\\/>Tel: 04551 - 88 30, Fax: 04551 - 88 32 09<\\\/p>\\n\n\n<p>Dr. med. P. Boubaris ist laut Berufsbezeichnung Arzt, verliehen von der Bundesrepublik Deutschland.<\\\/p>\\n\n\n<p>Andreas Jurkowlaniec ist laut Berufsbezeichnung Arzt, verliehen von der Bundesrepublik Deutschland.<\\\/p>\\n\n\n<p>Inhaltlich Verantwortliche gem\\u00e4\\u00df \\u00a7 10 Absatz 3 MDStV:<br \\\/>Dr. med. P. Boubaris<br \\\/>Andreas Jurkowlaniec<\\\/p>\",\"margin\":\"default\",\"maxwidth\":\"xlarge\",\"text_align\":\"center\",\"text_style\":\"large\"}},{\"type\":\"text\",\"props\":{\"column_breakpoint\":\"m\",\"content\":\"\n\n<p>Datenschutzerkl\\u00e4rung f\\u00fcr internist-pinneberg.de<\\\/p>\\n\n\n<p>1. Verantwortlicher<br \\\/>Verantwortlicher f\\u00fcr die Datenverarbeitung auf dieser Website ist:<br \\\/><br \\\/>Internist Pinneberg<\\\/p>\\n\n\n<p>Bismarckstr. 6<br \\\/>25421 Pinneberg<br \\\/>Telefon: 04101 \\\/ 23040<br \\\/>Telefax: 04101 \\\/ 513210<\\\/p>\\n\n\n<p>Mailto: <a href=\\\"mailto:kontakt@internist-pinneberg.de\\\">kontakt@internist-pinneberg.de<\\\/a><\\\/p>\\n\n\n<p><br \\\/>2. Erhebung und Verarbeitung personenbezogener Daten <br \\\/>Personenbezogene Daten werden auf dieser Website nur im technisch notwendigen Umfang erhoben und verarbeitet.<\\\/p>\\n\n\n<p>Server-Logfiles: Bei jedem Zugriff auf diese Website werden automatisch Informationen in Server-Logfiles gespeichert. Diese Informationen umfassen:<br \\\/>IP-Adresse des anfragenden Rechners<br \\\/>Datum und Uhrzeit der Anfrage<br \\\/>Name und URL der abgerufenen Datei<br \\\/>\\u00dcbertragene Datenmenge<br \\\/>Meldung \\u00fcber erfolgreichen Abruf (HTTP-Statuscode)<br \\\/>Website, von der aus der Zugriff erfolgt (Referrer URL)<br \\\/>Verwendeter Browser und ggf. Betriebssystem Ihres Rechners sowie der Name Ihres Access-Providers<br \\\/>Diese Daten werden ausschlie\\u00dflich zur Gew\\u00e4hrleistung eines reibungslosen Betriebs der Website, zur Verbesserung des Angebots und zu internen statistischen Zwecken verarbeitet. Eine Zusammenf\\u00fchrung dieser Daten mit anderen Datenquellen erfolgt nicht. <br \\\/>Kontaktformular: Wenn Sie das Kontaktformular auf dieser Website nutzen, werden die von Ihnen eingegebenen Daten (Name, E-Mail-Adresse, Betreff, Nachricht) zum Zwecke der Bearbeitung Ihrer Anfrage gespeichert. Eine Weitergabe dieser Daten an Dritte erfolgt nicht.<br \\\/>Cookies: Diese Website verwendet keine Cookies.<\\\/p>\\n\n\n<p>3. Rechte der betroffenen Personen<br \\\/>Sie haben das Recht, Auskunft \\u00fcber die von uns \\u00fcber Sie gespeicherten personenbezogenen Daten zu erhalten. Ebenso haben Sie das Recht auf Berichtigung, L\\u00f6schung oder Einschr\\u00e4nkung der Verarbeitung dieser Daten. Dar\\u00fcber hinaus haben Sie das Recht, der Verarbeitung Ihrer Daten zu widersprechen und das Recht auf Daten\\u00fcbertragbarkeit. Zur Aus\\u00fcbung dieser Rechte wenden Sie sich bitte an die oben genannten Verantwortlichen.<\\\/p>\\n\n\n<p><br \\\/>4. Widerspruchsrecht<br \\\/>Sie haben das Recht, der Verarbeitung Ihrer personenbezogenen Daten zu widersprechen, sofern die Datenverarbeitung auf Grundlage unseres berechtigten Interesses erfolgt.<\\\/p>\\n\n\n<p><br \\\/>5. Beschwerderecht<br \\\/>Sie haben das Recht, sich bei der zust\\u00e4ndigen Aufsichtsbeh\\u00f6rde \\u00fcber die Verarbeitung Ihrer personenbezogenen Daten zu beschweren. Zust\\u00e4ndig ist der Landesdatenschutzbeauftragte des Bundeslandes, in dem sich Ihr Wohnsitz befindet.<\\\/p>\\n\n\n<p><br \\\/>6. Dauer der Datenspeicherung<br \\\/>Personenbezogene Daten werden nur so lange gespeichert, wie dies f\\u00fcr die Erf\\u00fcllung des jeweiligen Zwecks erforderlich ist oder gesetzliche Aufbewahrungsfristen bestehen.<\\\/p>\\n\n\n<p><br \\\/>7. \\u00c4nderungen der Datenschutzerkl\\u00e4rung<br \\\/>Diese Datenschutzerkl\\u00e4rung kann jederzeit ge\\u00e4ndert werden. Es gilt die jeweils aktuelle, auf dieser Website ver\\u00f6ffentlichte Fassung.<\\\/p>\",\"margin\":\"default\"}}]}],\"props\":{\"column_gap\":\"collapse\",\"margin\":\"large\",\"margin_remove_top\":true,\"row_gap\":\"collapse\",\"width\":\"large\"}},{\"type\":\"row\",\"props\":{\"margin\":\"large\",\"margin_remove_top\":false,\"width\":\"large\"},\"children\":[{\"type\":\"column\",\"props\":{\"image_position\":\"center-center\",\"position_sticky_breakpoint\":\"m\"},\"children\":[{\"type\":\"map\",\"props\":{\"controls\":true,\"dragging\":true,\"height\":\"550\",\"image_svg_color\":\"emphasis\",\"link_style\":\"default\",\"link_text\":\"Read more\",\"margin\":\"default\",\"marker_icon_height\":\"38\",\"marker_icon_width\":\"42\",\"max_zoom\":18,\"meta_align\":\"below-title\",\"meta_element\":\"div\",\"meta_style\":\"text-meta\",\"min_zoom\":0,\"poi\":false,\"show_content\":true,\"show_image\":true,\"show_link\":true,\"show_meta\":true,\"show_title\":true,\"styler_lightness\":\"40\",\"styler_saturation\":\"-100\",\"title_element\":\"h3\",\"title_hover_style\":\"reset\",\"type\":\"roadmap\",\"zoom\":\"15\",\"zooming\":false},\"children\":[{\"type\":\"map_item\",\"props\":{\"location\":\"53.66184355924284,9.797068797500339\"}}]}]}]}],\"name\":\"Contact\"}],\"version\":\"4.5.24\"} --><\/p>\n","protected":false},"excerpt":{"rendered":"<p>Impressum Impressum \/ Kontakt Impressum Internistisch \/ Haus\u00e4rztliche GemeinschaftspraxisDr. med. P. Boubaris \u2013 Andreas JurkowlaniecInternist \u2013 Haus\u00e4rzte \u2013 Diabetologie \u2013 Ultraschalldiagnostik Bismarckstr. 625421 PinnebergTelefon: 04101 \/ 23040Telefax: 04101 \/ 513210 Mailto: kontakt@internist-pinneberg.de Pflichtangaben f\u00fcr \u00c4rzte mit eigener Homepage gem\u00e4\u00df Telemediengesetz vom 01.03.2007: Angaben nach dem Gesetz \u00fcber den elektronischen Gesch\u00e4ftsverkehr: Zust\u00e4ndige \u00c4rztekammer:\u00c4rztekammer Schleswig HolsteinBismarckalle 8-12, [&hellip;]<\/p>\n","protected":false},"author":1,"featured_media":0,"parent":0,"menu_order":0,"comment_status":"closed","ping_status":"closed","template":"","meta":{"footnotes":""},"class_list":["post-22","page","type-page","status-publish","hentry"],"yoast_head":"<!-- This site is optimized with the Yoast SEO plugin v26.2 - https:\/\/yoast.com\/wordpress\/plugins\/seo\/ -->\n<title>Impressum - Internisten Pinneberg<\/title>\n<meta name=\"robots\" content=\"index, follow, max-snippet:-1, max-image-preview:large, max-video-preview:-1\" \/>\n<link rel=\"canonical\" href=\"https:\/\/www.internist-pinneberg.de\/index.php\/impressum\/\" \/>\n<meta property=\"og:locale\" content=\"de_DE\" \/>\n<meta property=\"og:type\" content=\"article\" \/>\n<meta property=\"og:title\" content=\"Impressum - Internisten Pinneberg\" \/>\n<meta property=\"og:description\" content=\"Impressum Impressum \/ Kontakt Impressum Internistisch \/ Haus\u00e4rztliche GemeinschaftspraxisDr. med. P. Boubaris \u2013 Andreas JurkowlaniecInternist \u2013 Haus\u00e4rzte \u2013 Diabetologie \u2013 Ultraschalldiagnostik Bismarckstr. 625421 PinnebergTelefon: 04101 \/ 23040Telefax: 04101 \/ 513210 Mailto: kontakt@internist-pinneberg.de Pflichtangaben f\u00fcr \u00c4rzte mit eigener Homepage gem\u00e4\u00df Telemediengesetz vom 01.03.2007: Angaben nach dem Gesetz \u00fcber den elektronischen Gesch\u00e4ftsverkehr: Zust\u00e4ndige \u00c4rztekammer:\u00c4rztekammer Schleswig HolsteinBismarckalle 8-12, [&hellip;]\" \/>\n<meta property=\"og:url\" content=\"https:\/\/www.internist-pinneberg.de\/index.php\/impressum\/\" \/>\n<meta property=\"og:site_name\" content=\"Internisten Pinneberg\" \/>\n<meta property=\"article:modified_time\" content=\"2025-08-11T05:00:39+00:00\" \/>\n<meta name=\"twitter:card\" content=\"summary_large_image\" \/>\n<meta name=\"twitter:label1\" content=\"Gesch\u00e4tzte Lesezeit\" \/>\n\t<meta name=\"twitter:data1\" content=\"2\u00a0Minuten\" \/>\n<script type=\"application\/ld+json\" class=\"yoast-schema-graph\">{\"@context\":\"https:\/\/schema.org\",\"@graph\":[{\"@type\":\"WebPage\",\"@id\":\"https:\/\/www.internist-pinneberg.de\/index.php\/impressum\/\",\"url\":\"https:\/\/www.internist-pinneberg.de\/index.php\/impressum\/\",\"name\":\"Impressum - Internisten Pinneberg\",\"isPartOf\":{\"@id\":\"https:\/\/www.internist-pinneberg.de\/#website\"},\"datePublished\":\"2024-09-22T10:35:18+00:00\",\"dateModified\":\"2025-08-11T05:00:39+00:00\",\"breadcrumb\":{\"@id\":\"https:\/\/www.internist-pinneberg.de\/index.php\/impressum\/#breadcrumb\"},\"inLanguage\":\"de\",\"potentialAction\":[{\"@type\":\"ReadAction\",\"target\":[\"https:\/\/www.internist-pinneberg.de\/index.php\/impressum\/\"]}]},{\"@type\":\"BreadcrumbList\",\"@id\":\"https:\/\/www.internist-pinneberg.de\/index.php\/impressum\/#breadcrumb\",\"itemListElement\":[{\"@type\":\"ListItem\",\"position\":1,\"name\":\"Startseite\",\"item\":\"https:\/\/www.internist-pinneberg.de\/\"},{\"@type\":\"ListItem\",\"position\":2,\"name\":\"Impressum\"}]},{\"@type\":\"WebSite\",\"@id\":\"https:\/\/www.internist-pinneberg.de\/#website\",\"url\":\"https:\/\/www.internist-pinneberg.de\/\",\"name\":\"Internisten Pinneberg\",\"description\":\"\",\"potentialAction\":[{\"@type\":\"SearchAction\",\"target\":{\"@type\":\"EntryPoint\",\"urlTemplate\":\"https:\/\/www.internist-pinneberg.de\/?s={search_term_string}\"},\"query-input\":{\"@type\":\"PropertyValueSpecification\",\"valueRequired\":true,\"valueName\":\"search_term_string\"}}],\"inLanguage\":\"de\"}]}<\/script>\n<!-- \/ Yoast SEO plugin. -->","yoast_head_json":{"title":"Impressum - Internisten Pinneberg","robots":{"index":"index","follow":"follow","max-snippet":"max-snippet:-1","max-image-preview":"max-image-preview:large","max-video-preview":"max-video-preview:-1"},"canonical":"https:\/\/www.internist-pinneberg.de\/index.php\/impressum\/","og_locale":"de_DE","og_type":"article","og_title":"Impressum - Internisten Pinneberg","og_description":"Impressum Impressum \/ Kontakt Impressum Internistisch \/ Haus\u00e4rztliche GemeinschaftspraxisDr. med. P. Boubaris \u2013 Andreas JurkowlaniecInternist \u2013 Haus\u00e4rzte \u2013 Diabetologie \u2013 Ultraschalldiagnostik Bismarckstr. 625421 PinnebergTelefon: 04101 \/ 23040Telefax: 04101 \/ 513210 Mailto: kontakt@internist-pinneberg.de Pflichtangaben f\u00fcr \u00c4rzte mit eigener Homepage gem\u00e4\u00df Telemediengesetz vom 01.03.2007: Angaben nach dem Gesetz \u00fcber den elektronischen Gesch\u00e4ftsverkehr: Zust\u00e4ndige \u00c4rztekammer:\u00c4rztekammer Schleswig HolsteinBismarckalle 8-12, [&hellip;]","og_url":"https:\/\/www.internist-pinneberg.de\/index.php\/impressum\/","og_site_name":"Internisten Pinneberg","article_modified_time":"2025-08-11T05:00:39+00:00","twitter_card":"summary_large_image","twitter_misc":{"Gesch\u00e4tzte Lesezeit":"2\u00a0Minuten"},"schema":{"@context":"https:\/\/schema.org","@graph":[{"@type":"WebPage","@id":"https:\/\/www.internist-pinneberg.de\/index.php\/impressum\/","url":"https:\/\/www.internist-pinneberg.de\/index.php\/impressum\/","name":"Impressum - Internisten Pinneberg","isPartOf":{"@id":"https:\/\/www.internist-pinneberg.de\/#website"},"datePublished":"2024-09-22T10:35:18+00:00","dateModified":"2025-08-11T05:00:39+00:00","breadcrumb":{"@id":"https:\/\/www.internist-pinneberg.de\/index.php\/impressum\/#breadcrumb"},"inLanguage":"de","potentialAction":[{"@type":"ReadAction","target":["https:\/\/www.internist-pinneberg.de\/index.php\/impressum\/"]}]},{"@type":"BreadcrumbList","@id":"https:\/\/www.internist-pinneberg.de\/index.php\/impressum\/#breadcrumb","itemListElement":[{"@type":"ListItem","position":1,"name":"Startseite","item":"https:\/\/www.internist-pinneberg.de\/"},{"@type":"ListItem","position":2,"name":"Impressum"}]},{"@type":"WebSite","@id":"https:\/\/www.internist-pinneberg.de\/#website","url":"https:\/\/www.internist-pinneberg.de\/","name":"Internisten Pinneberg","description":"","potentialAction":[{"@type":"SearchAction","target":{"@type":"EntryPoint","urlTemplate":"https:\/\/www.internist-pinneberg.de\/?s={search_term_string}"},"query-input":{"@type":"PropertyValueSpecification","valueRequired":true,"valueName":"search_term_string"}}],"inLanguage":"de"}]}},"_links":{"self":[{"href":"http:\/\/www.internist-pinneberg.de\/index.php\/wp-json\/wp\/v2\/pages\/22","targetHints":{"allow":["GET"]}}],"collection":[{"href":"http:\/\/www.internist-pinneberg.de\/index.php\/wp-json\/wp\/v2\/pages"}],"about":[{"href":"http:\/\/www.internist-pinneberg.de\/index.php\/wp-json\/wp\/v2\/types\/page"}],"author":[{"embeddable":true,"href":"http:\/\/www.internist-pinneberg.de\/index.php\/wp-json\/wp\/v2\/users\/1"}],"replies":[{"embeddable":true,"href":"http:\/\/www.internist-pinneberg.de\/index.php\/wp-json\/wp\/v2\/comments?post=22"}],"version-history":[{"count":14,"href":"http:\/\/www.internist-pinneberg.de\/index.php\/wp-json\/wp\/v2\/pages\/22\/revisions"}],"predecessor-version":[{"id":398,"href":"http:\/\/www.internist-pinneberg.de\/index.php\/wp-json\/wp\/v2\/pages\/22\/revisions\/398"}],"wp:attachment":[{"href":"http:\/\/www.internist-pinneberg.de\/index.php\/wp-json\/wp\/v2\/media?parent=22"}],"curies":[{"name":"wp","href":"https:\/\/api.w.org\/{rel}","templated":true}]}}